{"id":371,"date":"2023-01-11T10:12:04","date_gmt":"2023-01-11T10:12:04","guid":{"rendered":"https:\/\/www.proyectosvidal.com\/?page_id=371"},"modified":"2023-01-27T12:42:31","modified_gmt":"2023-01-27T12:42:31","slug":"proyectos-de-carpinteria","status":"publish","type":"page","link":"http:\/\/www.proyectosvidal.com\/index.php\/proyectos-de-carpinteria\/","title":{"rendered":"PROYECTOS DE CARPINTER\u00cdA"},"content":{"rendered":"<p>[et_pb_section fb_built=\u00bb1&#8243; _builder_version=\u00bb4.17.3&#8243; _module_preset=\u00bbdefault\u00bb custom_margin=\u00bb-32px||||false|false\u00bb animation_style=\u00bbfade\u00bb animation_duration=\u00bb1300ms\u00bb global_colors_info=\u00bb{}\u00bb][et_pb_row column_structure=\u00bb2_5,3_5&#8243; _builder_version=\u00bb4.19.4&#8243; _module_preset=\u00bbdefault\u00bb locked=\u00bboff\u00bb global_colors_info=\u00bb{}\u00bb][et_pb_column type=\u00bb2_5&#8243; _builder_version=\u00bb4.19.4&#8243; _module_preset=\u00bbdefault\u00bb global_colors_info=\u00bb{}\u00bb][et_pb_text _builder_version=\u00bb4.19.4&#8243; _dynamic_attributes=\u00bblink_option_url\u00bb _module_preset=\u00bbdefault\u00bb text_font=\u00bbPlayfair Display SC|700|||||||\u00bb text_text_color=\u00bb#000000&#8243; text_font_size=\u00bb20px\u00bb text_letter_spacing=\u00bb2px\u00bb custom_margin=\u00bb|||-145px|false|false\u00bb custom_margin_tablet=\u00bb|||229px|false|false\u00bb custom_margin_phone=\u00bb|||94px|false|false\u00bb custom_margin_last_edited=\u00bbon|tablet\u00bb custom_padding_tablet=\u00bb\u00bb custom_padding_phone=\u00bb19px||||false|false\u00bb custom_padding_last_edited=\u00bbon|phone\u00bb link_option_url=\u00bb@ET-DC@eyJkeW5hbWljIjp0cnVlLCJjb250ZW50IjoicG9zdF9saW5rX3VybF9wYWdlIiwic2V0dGluZ3MiOnsicG9zdF9pZCI6IjI4NSJ9fQ==@\u00bb hover_enabled=\u00bb0&#8243; locked=\u00bboff\u00bb global_colors_info=\u00bb{}\u00bb sticky_enabled=\u00bb0&#8243;]<\/p>\n<p style=\"text-align: left;\">CARPINTER\u00cdA<\/p>\n<p>[\/et_pb_text][\/et_pb_column][et_pb_column type=\u00bb3_5&#8243; _builder_version=\u00bb4.19.4&#8243; _module_preset=\u00bbdefault\u00bb global_colors_info=\u00bb{}\u00bb][et_pb_menu menu_id=\u00bb8&#8243; active_link_color=\u00bb#000000&#8243; dropdown_menu_bg_color=\u00bb#ffffff\u00bb dropdown_menu_line_color=\u00bb#e5e5e5&#8243; mobile_menu_bg_color=\u00bb#ffffff\u00bb mobile_menu_text_color=\u00bb#000000&#8243; menu_icon_color=\u00bbrgba(10,5,5,0.22)\u00bb _builder_version=\u00bb4.19.4&#8243; _module_preset=\u00bbdefault\u00bb menu_font=\u00bbUbuntu|300|||||||\u00bb menu_font_size=\u00bb12px\u00bb menu_letter_spacing=\u00bb2px\u00bb custom_margin=\u00bb|||-12px|false|false\u00bb custom_margin_tablet=\u00bb|285px||-12px|false|false\u00bb custom_margin_phone=\u00bb-118px|137px|||false|false\u00bb custom_margin_last_edited=\u00bbon|phone\u00bb custom_padding_tablet=\u00bb\u00bb custom_padding_phone=\u00bb\u00bb custom_padding_last_edited=\u00bbon|phone\u00bb hover_enabled=\u00bb0&#8243; global_colors_info=\u00bb{}\u00bb sticky_enabled=\u00bb0&#8243;][\/et_pb_menu][\/et_pb_column][\/et_pb_row][et_pb_row column_structure=\u00bb1_3,1_3,1_3&#8243; use_custom_gutter=\u00bbon\u00bb make_equal=\u00bbon\u00bb _builder_version=\u00bb4.19.4&#8243; _module_preset=\u00bbdefault\u00bb width=\u00bb100%\u00bb max_width=\u00bb1363px\u00bb global_colors_info=\u00bb{}\u00bb][et_pb_column type=\u00bb1_3&#8243; _builder_version=\u00bb4.17.3&#8243; _module_preset=\u00bbdefault\u00bb global_colors_info=\u00bb{}\u00bb][et_pb_blurb title=\u00bbREVESTIMIENTOS\u00bb image_icon_width=\u00bb21px\u00bb _builder_version=\u00bb4.19.4&#8243; _dynamic_attributes=\u00bblink_option_url\u00bb _module_preset=\u00bbdefault\u00bb header_font=\u00bbUbuntu||||||||\u00bb header_font_size=\u00bb12px\u00bb header_letter_spacing=\u00bb2px\u00bb background_enable_color=\u00bboff\u00bb background_image=\u00bbhttp:\/\/www.proyectosvidal.com\/wp-content\/uploads\/2023\/01\/d0822ba893f4bb767d30e8dece709a4a.jpg\u00bb image_icon_custom_margin=\u00bb15px||||false|false\u00bb image_icon_custom_padding=\u00bb12px||||false|false\u00bb text_orientation=\u00bbcenter\u00bb background_layout=\u00bbdark\u00bb custom_padding=\u00bb117px|22px|0px|22px|false|true\u00bb animation_style=\u00bbfade\u00bb animation_duration=\u00bb2000ms\u00bb hover_transition_duration=\u00bb350ms\u00bb link_option_url=\u00bb@ET-DC@eyJkeW5hbWljIjp0cnVlLCJjb250ZW50IjoicG9zdF9saW5rX3VybF9wcm9qZWN0Iiwic2V0dGluZ3MiOnsicG9zdF9pZCI6IjM5MiJ9fQ==@\u00bb custom_css_blurb_content=\u00bbopacity:0;transition-duration:1.5s\u00bb box_shadow_style=\u00bbpreset6&#8243; box_shadow_blur=\u00bb80px\u00bb box_shadow_spread=\u00bb51px\u00bb box_shadow_color=\u00bbRGBA(255,255,255,0)\u00bb global_colors_info=\u00bb{}\u00bb background__hover_enabled=\u00bbon|hover\u00bb background_image__hover=\u00bbhttp:\/\/www.proyectosvidal.com\/wp-content\/uploads\/2023\/01\/d0822ba893f4bb767d30e8dece709a4a.jpg\u00bb background_enable_image__hover=\u00bbon\u00bb background_color__hover=\u00bb\u00bb background_enable_color__hover=\u00bboff\u00bb custom_css_blurb_content__hover_enabled=\u00bbon|hover\u00bb custom_css_blurb_content__hover=\u00bbopacity:1&#8243; parallax__hover=\u00bboff\u00bb background_repeat__hover=\u00bbrepeat\u00bb background_enable_mask_style__hover=\u00bboff\u00bb box_shadow_color__hover_enabled=\u00bbon|hover\u00bb box_shadow_color__hover=\u00bbrgba(0,0,0,0.25)\u00bb]<\/p>\n<p>&nbsp;<\/p>\n<p>&nbsp;<\/p>\n<p>&nbsp;<\/p>\n<p>[\/et_pb_blurb][\/et_pb_column][et_pb_column type=\u00bb1_3&#8243; _builder_version=\u00bb4.17.3&#8243; _module_preset=\u00bbdefault\u00bb global_colors_info=\u00bb{}\u00bb][et_pb_blurb title=\u00bbCOCINAS\u00bb image_icon_width=\u00bb21px\u00bb _builder_version=\u00bb4.19.4&#8243; _dynamic_attributes=\u00bblink_option_url\u00bb _module_preset=\u00bbdefault\u00bb header_font=\u00bbUbuntu||||||||\u00bb header_font_size=\u00bb12px\u00bb header_letter_spacing=\u00bb2px\u00bb background_enable_color=\u00bboff\u00bb background_image=\u00bbhttp:\/\/www.proyectosvidal.com\/wp-content\/uploads\/2023\/01\/79243126ed80938a6cf08b4d3cb3fef1.jpg\u00bb image_icon_custom_margin=\u00bb15px||||false|false\u00bb image_icon_custom_padding=\u00bb12px||||false|false\u00bb text_orientation=\u00bbcenter\u00bb background_layout=\u00bbdark\u00bb custom_padding=\u00bb117px|22px|0px|22px|false|true\u00bb animation_style=\u00bbfade\u00bb animation_duration=\u00bb2000ms\u00bb hover_transition_duration=\u00bb350ms\u00bb link_option_url=\u00bb@ET-DC@eyJkeW5hbWljIjp0cnVlLCJjb250ZW50IjoicG9zdF9saW5rX3VybF9wcm9qZWN0Iiwic2V0dGluZ3MiOnsicG9zdF9pZCI6IjM5NSJ9fQ==@\u00bb custom_css_blurb_content=\u00bbopacity:0;transition-duration:1.5s\u00bb box_shadow_style=\u00bbpreset6&#8243; box_shadow_blur=\u00bb80px\u00bb box_shadow_spread=\u00bb51px\u00bb box_shadow_color=\u00bbRGBA(255,255,255,0)\u00bb locked=\u00bboff\u00bb global_colors_info=\u00bb{}\u00bb background_enable_color__hover=\u00bboff\u00bb background_image__hover=\u00bbhttp:\/\/www.proyectosvidal.com\/wp-content\/uploads\/2023\/01\/79243126ed80938a6cf08b4d3cb3fef1.jpg\u00bb custom_css_blurb_content__hover=\u00bbopacity:1&#8243; custom_css_blurb_content__hover_enabled=\u00bbon|hover\u00bb background_color__hover=\u00bb\u00bb background_enable_image__hover=\u00bbon\u00bb parallax__hover=\u00bboff\u00bb background_repeat__hover=\u00bbrepeat\u00bb background_enable_mask_style__hover=\u00bboff\u00bb background__hover_enabled=\u00bbon|hover\u00bb box_shadow_color__hover=\u00bbrgba(0,0,0,0.25)\u00bb box_shadow_color__hover_enabled=\u00bbon|hover\u00bb]<\/p>\n<p>&nbsp;<\/p>\n<p>&nbsp;<\/p>\n<p>&nbsp;<\/p>\n<p>[\/et_pb_blurb][\/et_pb_column][et_pb_column type=\u00bb1_3&#8243; _builder_version=\u00bb4.17.3&#8243; _module_preset=\u00bbdefault\u00bb global_colors_info=\u00bb{}\u00bb][et_pb_blurb title=\u00bbARMARIOS\u00bb image_icon_width=\u00bb21px\u00bb _builder_version=\u00bb4.19.4&#8243; _dynamic_attributes=\u00bblink_option_url\u00bb _module_preset=\u00bbdefault\u00bb header_font=\u00bbUbuntu||||||||\u00bb header_font_size=\u00bb12px\u00bb header_letter_spacing=\u00bb2px\u00bb background_enable_color=\u00bboff\u00bb background_image=\u00bbhttp:\/\/www.proyectosvidal.com\/wp-content\/uploads\/2023\/01\/0bb23b6164c11c683763bf2fd324e78c.jpg\u00bb image_icon_custom_margin=\u00bb15px||||false|false\u00bb image_icon_custom_padding=\u00bb12px||||false|false\u00bb text_orientation=\u00bbcenter\u00bb background_layout=\u00bbdark\u00bb custom_padding=\u00bb117px|22px|0px|22px|false|true\u00bb animation_style=\u00bbfade\u00bb animation_duration=\u00bb2000ms\u00bb hover_transition_duration=\u00bb350ms\u00bb link_option_url=\u00bb@ET-DC@eyJkeW5hbWljIjp0cnVlLCJjb250ZW50IjoicG9zdF9saW5rX3VybF9wcm9qZWN0Iiwic2V0dGluZ3MiOnsicG9zdF9pZCI6IjM5OCJ9fQ==@\u00bb custom_css_blurb_content=\u00bbopacity:0;transition-duration:1.5s\u00bb box_shadow_style=\u00bbpreset6&#8243; box_shadow_blur=\u00bb80px\u00bb box_shadow_spread=\u00bb51px\u00bb box_shadow_color=\u00bbRGBA(255,255,255,0)\u00bb global_colors_info=\u00bb{}\u00bb background_enable_color__hover=\u00bboff\u00bb background_image__hover=\u00bbhttp:\/\/www.proyectosvidal.com\/wp-content\/uploads\/2023\/01\/0bb23b6164c11c683763bf2fd324e78c.jpg\u00bb custom_css_blurb_content__hover=\u00bbopacity:1&#8243; custom_css_blurb_content__hover_enabled=\u00bbon|hover\u00bb background_color__hover=\u00bb\u00bb background_enable_image__hover=\u00bbon\u00bb parallax__hover=\u00bboff\u00bb background_repeat__hover=\u00bbrepeat\u00bb background_enable_mask_style__hover=\u00bboff\u00bb background__hover_enabled=\u00bbon|hover\u00bb box_shadow_color__hover=\u00bbrgba(0,0,0,0.25)\u00bb box_shadow_color__hover_enabled=\u00bbon|hover\u00bb]<\/p>\n<p>&nbsp;<\/p>\n<p>&nbsp;<\/p>\n<p>&nbsp;<\/p>\n<p>[\/et_pb_blurb][\/et_pb_column][\/et_pb_row][et_pb_row column_structure=\u00bb1_3,1_3,1_3&#8243; use_custom_gutter=\u00bbon\u00bb make_equal=\u00bbon\u00bb _builder_version=\u00bb4.17.3&#8243; _module_preset=\u00bbdefault\u00bb width=\u00bb100%\u00bb max_width=\u00bb1363px\u00bb locked=\u00bboff\u00bb global_colors_info=\u00bb{}\u00bb][et_pb_column type=\u00bb1_3&#8243; _builder_version=\u00bb4.17.3&#8243; _module_preset=\u00bbdefault\u00bb global_colors_info=\u00bb{}\u00bb][et_pb_blurb title=\u00bbBA\u00d1OS\u00bb url=\u00bb@ET-DC@eyJkeW5hbWljIjp0cnVlLCJjb250ZW50IjoicG9zdF9saW5rX3VybF9wcm9qZWN0Iiwic2V0dGluZ3MiOnsicG9zdF9pZCI6IjQwMSJ9fQ==@\u00bb image_icon_width=\u00bb21px\u00bb _builder_version=\u00bb4.19.4&#8243; _dynamic_attributes=\u00bburl\u00bb _module_preset=\u00bbdefault\u00bb header_font=\u00bbUbuntu||||||||\u00bb header_font_size=\u00bb12px\u00bb header_letter_spacing=\u00bb2px\u00bb background_enable_color=\u00bboff\u00bb background_image=\u00bbhttp:\/\/www.proyectosvidal.com\/wp-content\/uploads\/2023\/01\/342de386bf10bb38784aa05bf54c200e.jpg\u00bb image_icon_custom_margin=\u00bb15px||||false|false\u00bb image_icon_custom_padding=\u00bb12px||||false|false\u00bb text_orientation=\u00bbcenter\u00bb background_layout=\u00bbdark\u00bb custom_padding=\u00bb117px|22px|0px|22px|false|true\u00bb animation_style=\u00bbfade\u00bb animation_duration=\u00bb2000ms\u00bb hover_transition_duration=\u00bb350ms\u00bb custom_css_blurb_content=\u00bbopacity:0;transition-duration:1.5s\u00bb box_shadow_style=\u00bbpreset6&#8243; box_shadow_blur=\u00bb80px\u00bb box_shadow_spread=\u00bb51px\u00bb box_shadow_color=\u00bbRGBA(255,255,255,0)\u00bb global_colors_info=\u00bb{}\u00bb background__hover_enabled=\u00bbon|hover\u00bb background_image__hover=\u00bbhttp:\/\/www.proyectosvidal.com\/wp-content\/uploads\/2023\/01\/342de386bf10bb38784aa05bf54c200e.jpg\u00bb background_enable_image__hover=\u00bbon\u00bb background_color__hover=\u00bb\u00bb background_enable_color__hover=\u00bboff\u00bb custom_css_blurb_content__hover_enabled=\u00bbon|hover\u00bb custom_css_blurb_content__hover=\u00bbopacity:1&#8243; parallax__hover=\u00bboff\u00bb background_repeat__hover=\u00bbrepeat\u00bb background_enable_mask_style__hover=\u00bboff\u00bb box_shadow_color__hover_enabled=\u00bbon|hover\u00bb box_shadow_color__hover=\u00bbrgba(0,0,0,0.25)\u00bb]<\/p>\n<p>&nbsp;<\/p>\n<p>&nbsp;<\/p>\n<p>&nbsp;<\/p>\n<p>[\/et_pb_blurb][\/et_pb_column][et_pb_column type=\u00bb1_3&#8243; _builder_version=\u00bb4.17.3&#8243; _module_preset=\u00bbdefault\u00bb global_colors_info=\u00bb{}\u00bb][et_pb_blurb title=\u00bbESTANTER\u00cdAS\u00bb image_icon_width=\u00bb21px\u00bb _builder_version=\u00bb4.19.4&#8243; _dynamic_attributes=\u00bblink_option_url\u00bb _module_preset=\u00bbdefault\u00bb header_font=\u00bbUbuntu||||||||\u00bb header_font_size=\u00bb12px\u00bb header_letter_spacing=\u00bb2px\u00bb background_enable_color=\u00bboff\u00bb background_image=\u00bbhttp:\/\/www.proyectosvidal.com\/wp-content\/uploads\/2023\/01\/ef56c5aabd2a061affd4100803a32a75.jpg\u00bb image_icon_custom_margin=\u00bb15px||||false|false\u00bb image_icon_custom_padding=\u00bb12px||||false|false\u00bb text_orientation=\u00bbcenter\u00bb background_layout=\u00bbdark\u00bb custom_padding=\u00bb117px|22px|0px|22px|false|true\u00bb animation_style=\u00bbfade\u00bb animation_duration=\u00bb2000ms\u00bb hover_transition_duration=\u00bb350ms\u00bb link_option_url=\u00bb@ET-DC@eyJkeW5hbWljIjp0cnVlLCJjb250ZW50IjoicG9zdF9saW5rX3VybF9wcm9qZWN0Iiwic2V0dGluZ3MiOnsicG9zdF9pZCI6IjQwNSJ9fQ==@\u00bb custom_css_blurb_content=\u00bbopacity:0;transition-duration:1.5s\u00bb box_shadow_style=\u00bbpreset6&#8243; box_shadow_blur=\u00bb80px\u00bb box_shadow_spread=\u00bb51px\u00bb box_shadow_color=\u00bbRGBA(255,255,255,0)\u00bb global_colors_info=\u00bb{}\u00bb background_enable_color__hover=\u00bboff\u00bb background_image__hover=\u00bbhttp:\/\/www.proyectosvidal.com\/wp-content\/uploads\/2023\/01\/ef56c5aabd2a061affd4100803a32a75.jpg\u00bb custom_css_blurb_content__hover=\u00bbopacity:1&#8243; custom_css_blurb_content__hover_enabled=\u00bbon|hover\u00bb background_color__hover=\u00bb\u00bb background_enable_image__hover=\u00bbon\u00bb parallax__hover=\u00bboff\u00bb background_repeat__hover=\u00bbrepeat\u00bb background_enable_mask_style__hover=\u00bboff\u00bb background__hover_enabled=\u00bbon|hover\u00bb box_shadow_color__hover=\u00bbrgba(0,0,0,0.25)\u00bb box_shadow_color__hover_enabled=\u00bbon|hover\u00bb]<\/p>\n<p>&nbsp;<\/p>\n<p>&nbsp;<\/p>\n<p>&nbsp;<\/p>\n<p>[\/et_pb_blurb][\/et_pb_column][et_pb_column type=\u00bb1_3&#8243; _builder_version=\u00bb4.17.3&#8243; _module_preset=\u00bbdefault\u00bb global_colors_info=\u00bb{}\u00bb][et_pb_blurb title=\u00bbMOBILIARIO\u00bb image_icon_width=\u00bb21px\u00bb _builder_version=\u00bb4.19.4&#8243; _dynamic_attributes=\u00bblink_option_url\u00bb _module_preset=\u00bbdefault\u00bb header_font=\u00bbUbuntu||||||||\u00bb header_font_size=\u00bb12px\u00bb header_letter_spacing=\u00bb2px\u00bb background_enable_color=\u00bboff\u00bb background_image=\u00bbhttp:\/\/www.proyectosvidal.com\/wp-content\/uploads\/2023\/01\/79272975b8078cfccfc8d9ff4c76ff0e.jpg\u00bb image_icon_custom_margin=\u00bb15px||||false|false\u00bb image_icon_custom_padding=\u00bb12px||||false|false\u00bb text_orientation=\u00bbcenter\u00bb background_layout=\u00bbdark\u00bb custom_padding=\u00bb117px|22px|0px|22px|false|true\u00bb animation_style=\u00bbfade\u00bb animation_duration=\u00bb2000ms\u00bb hover_transition_duration=\u00bb350ms\u00bb link_option_url=\u00bb@ET-DC@eyJkeW5hbWljIjp0cnVlLCJjb250ZW50IjoicG9zdF9saW5rX3VybF9wcm9qZWN0Iiwic2V0dGluZ3MiOnsicG9zdF9pZCI6IjQwOCJ9fQ==@\u00bb custom_css_blurb_content=\u00bbopacity:0;transition-duration:1.5s\u00bb box_shadow_style=\u00bbpreset6&#8243; box_shadow_blur=\u00bb80px\u00bb box_shadow_spread=\u00bb51px\u00bb box_shadow_color=\u00bbRGBA(255,255,255,0)\u00bb global_colors_info=\u00bb{}\u00bb background_enable_color__hover=\u00bboff\u00bb background_image__hover=\u00bbhttp:\/\/www.proyectosvidal.com\/wp-content\/uploads\/2023\/01\/79272975b8078cfccfc8d9ff4c76ff0e.jpg\u00bb custom_css_blurb_content__hover=\u00bbopacity:1&#8243; custom_css_blurb_content__hover_enabled=\u00bbon|hover\u00bb background_color__hover=\u00bb\u00bb background_enable_image__hover=\u00bbon\u00bb parallax__hover=\u00bboff\u00bb background_repeat__hover=\u00bbrepeat\u00bb background_enable_mask_style__hover=\u00bboff\u00bb background__hover_enabled=\u00bbon|hover\u00bb box_shadow_color__hover=\u00bbrgba(0,0,0,0.25)\u00bb box_shadow_color__hover_enabled=\u00bbon|hover\u00bb]<\/p>\n<p>&nbsp;<\/p>\n<p>&nbsp;<\/p>\n<p>&nbsp;<\/p>\n<p>[\/et_pb_blurb][\/et_pb_column][\/et_pb_row][\/et_pb_section][et_pb_section fb_built=\u00bb1&#8243; _builder_version=\u00bb4.17.3&#8243; _module_preset=\u00bbdefault\u00bb global_colors_info=\u00bb{}\u00bb][et_pb_row _builder_version=\u00bb4.19.4&#8243; _module_preset=\u00bbdefault\u00bb global_colors_info=\u00bb{}\u00bb][et_pb_column type=\u00bb4_4&#8243; _builder_version=\u00bb4.19.4&#8243; _module_preset=\u00bbdefault\u00bb global_colors_info=\u00bb{}\u00bb][et_pb_text _builder_version=\u00bb4.19.4&#8243; _module_preset=\u00bbdefault\u00bb text_font=\u00bbUbuntu|300|||||||\u00bb text_orientation=\u00bbcenter\u00bb width=\u00bb60%\u00bb module_alignment=\u00bbcenter\u00bb custom_margin=\u00bb-92px||||false|false\u00bb global_colors_info=\u00bb{}\u00bb]<\/p>\n<p style=\"text-align: justify;\">En <strong>Proyectos Vidal<\/strong> contamos con nuestro propio taller de carpinter\u00eda, donde combinamos la experiencia y tradici\u00f3n con la vanguardia.<\/p>\n<p style=\"text-align: justify;\">Somos expertos en interiorismo y fabricaci\u00f3n de mobiliario a medida. Consideramos que cada proyecto es \u00fanico y nos esforzamos en ofrecer productos de calidad, cuidando al m\u00e1ximo el detalle, para lograr espacios \u00fanicos y con personalidad.<\/p>\n<p style=\"text-align: justify;\">Contamos con un equipo de carpinteros con experiencia y nuestras instalaciones est\u00e1n preparadas con toda la maquinar\u00eda de madera necesar\u00eda para ejecutar los trabajos mas exigentes.<\/p>\n<p style=\"text-align: justify;\">Somos especialistas en madera y realizamos trabajos complejos en cualquier tipo de obra: f<span>abricamos, vendemos\u00a0e instalamos de manera directa nuestros productos, por lo que garantizamos un servicio y asesoramiento profesional a nuestros clientes.<\/span><\/p>\n<p style=\"text-align: justify;\"><span>Contamos con unas instalaciones de gran amplitud, preparadas para dar forma a cualquier proyecto.<\/span><\/p>\n<p>[\/et_pb_text][\/et_pb_column][\/et_pb_row][et_pb_row _builder_version=\u00bb4.19.4&#8243; _module_preset=\u00bbdefault\u00bb custom_margin=\u00bb12px||||false|false\u00bb global_colors_info=\u00bb{}\u00bb][et_pb_column type=\u00bb4_4&#8243; _builder_version=\u00bb4.19.4&#8243; _module_preset=\u00bbdefault\u00bb global_colors_info=\u00bb{}\u00bb][et_pb_gallery gallery_ids=\u00bb365,363,362,361,360,359,358,357,356,355,354,353,351,350,349,348,347,346,345,344,341,340,339,338,336,335,333,332,330,329,328,327,326,325,324,323,322,321,320,319,317,318,316,315,314,313,312,311,310,309,308,307,306,305,304&#8243; gallery_orderby=\u00bbrand\u00bb fullwidth=\u00bbon\u00bb _builder_version=\u00bb4.19.4&#8243; _module_preset=\u00bbdefault\u00bb title_text_color=\u00bbRGBA(255,255,255,0)\u00bb width=\u00bb38%\u00bb module_alignment=\u00bbcenter\u00bb auto=\u00bbon\u00bb auto_speed=\u00bb3000&#8243; global_colors_info=\u00bb{}\u00bb][\/et_pb_gallery][\/et_pb_column][\/et_pb_row][\/et_pb_section]<\/p>\n","protected":false},"excerpt":{"rendered":"<p>CARPINTER\u00cdA&nbsp; &nbsp; &nbsp;&nbsp; &nbsp; &nbsp;&nbsp; &nbsp; &nbsp;&nbsp; &nbsp; &nbsp;&nbsp; &nbsp; &nbsp;&nbsp; &nbsp; &nbsp;En Proyectos Vidal contamos con nuestro propio taller de carpinter\u00eda, donde combinamos la experiencia y tradici\u00f3n con la vanguardia. Somos expertos en interiorismo y fabricaci\u00f3n de mobiliario a medida. Consideramos que cada proyecto es \u00fanico y nos esforzamos en ofrecer productos de calidad, [&hellip;]<\/p>\n","protected":false},"author":1,"featured_media":0,"parent":0,"menu_order":0,"comment_status":"closed","ping_status":"closed","template":"","meta":{"_et_pb_use_builder":"on","_et_pb_old_content":"","_et_gb_content_width":"","footnotes":""},"class_list":["post-371","page","type-page","status-publish","hentry"],"_links":{"self":[{"href":"http:\/\/www.proyectosvidal.com\/index.php\/wp-json\/wp\/v2\/pages\/371","targetHints":{"allow":["GET"]}}],"collection":[{"href":"http:\/\/www.proyectosvidal.com\/index.php\/wp-json\/wp\/v2\/pages"}],"about":[{"href":"http:\/\/www.proyectosvidal.com\/index.php\/wp-json\/wp\/v2\/types\/page"}],"author":[{"embeddable":true,"href":"http:\/\/www.proyectosvidal.com\/index.php\/wp-json\/wp\/v2\/users\/1"}],"replies":[{"embeddable":true,"href":"http:\/\/www.proyectosvidal.com\/index.php\/wp-json\/wp\/v2\/comments?post=371"}],"version-history":[{"count":11,"href":"http:\/\/www.proyectosvidal.com\/index.php\/wp-json\/wp\/v2\/pages\/371\/revisions"}],"predecessor-version":[{"id":761,"href":"http:\/\/www.proyectosvidal.com\/index.php\/wp-json\/wp\/v2\/pages\/371\/revisions\/761"}],"wp:attachment":[{"href":"http:\/\/www.proyectosvidal.com\/index.php\/wp-json\/wp\/v2\/media?parent=371"}],"curies":[{"name":"wp","href":"https:\/\/api.w.org\/{rel}","templated":true}]}}