{"id":103,"date":"2022-12-29T13:32:23","date_gmt":"2022-12-29T13:32:23","guid":{"rendered":"https:\/\/www.proyectosvidal.com\/?page_id=103"},"modified":"2023-01-17T13:49:06","modified_gmt":"2023-01-17T13:49:06","slug":"quienes-somos","status":"publish","type":"page","link":"http:\/\/www.proyectosvidal.com\/index.php\/quienes-somos\/","title":{"rendered":"QUI\u00c9NES SOMOS"},"content":{"rendered":"<p>[et_pb_section fb_built=\u00bb1&#8243; _builder_version=\u00bb4.19.4&#8243; _module_preset=\u00bbdefault\u00bb background_color=\u00bb#FFFFFF\u00bb custom_padding=\u00bb40px||42px|||\u00bb global_colors_info=\u00bb{}\u00bb][et_pb_row column_structure=\u00bb2_5,3_5&#8243; _builder_version=\u00bb4.19.4&#8243; _module_preset=\u00bbdefault\u00bb global_colors_info=\u00bb{}\u00bb][et_pb_column type=\u00bb2_5&#8243; _builder_version=\u00bb4.19.4&#8243; _module_preset=\u00bbdefault\u00bb global_colors_info=\u00bb{}\u00bb][et_pb_text _builder_version=\u00bb4.19.4&#8243; _module_preset=\u00bbdefault\u00bb text_font=\u00bbPlayfair Display SC|700|||||||\u00bb text_text_color=\u00bb#000000&#8243; text_font_size=\u00bb20px\u00bb text_letter_spacing=\u00bb2px\u00bb custom_margin=\u00bb|||-212px|false|false\u00bb hover_enabled=\u00bb0&#8243; locked=\u00bboff\u00bb global_colors_info=\u00bb{}\u00bb text_orientation_last_edited=\u00bbon|phone\u00bb text_orientation_phone=\u00bbcenter\u00bb custom_margin_last_edited=\u00bbon|phone\u00bb custom_padding_last_edited=\u00bbon|phone\u00bb custom_margin_phone=\u00bb-40px|||62px|false|false\u00bb sticky_enabled=\u00bb0&#8243; custom_margin_tablet=\u00bb|||-212px|false|false\u00bb]<\/p>\n<p style=\"text-align: left;\">QUI\u00c9NES SOMOS<\/p>\n<p>[\/et_pb_text][\/et_pb_column][et_pb_column type=\u00bb3_5&#8243; _builder_version=\u00bb4.19.4&#8243; _module_preset=\u00bbdefault\u00bb global_colors_info=\u00bb{}\u00bb][et_pb_text _builder_version=\u00bb4.19.4&#8243; _module_preset=\u00bbdefault\u00bb text_font=\u00bbUbuntu|300||on|||||\u00bb text_text_color=\u00bb#000000&#8243; text_font_size=\u00bb13px\u00bb text_letter_spacing=\u00bb2px\u00bb custom_margin=\u00bb|145px||-325px|false|false\u00bb hover_enabled=\u00bb0&#8243; global_colors_info=\u00bb{}\u00bb custom_margin_last_edited=\u00bbon|phone\u00bb custom_padding_last_edited=\u00bbon|phone\u00bb custom_margin_phone=\u00bb|8px||0px|false|false\u00bb sticky_enabled=\u00bb0&#8243; custom_margin_tablet=\u00bb|145px||-325px|false|false\u00bb]<\/p>\n<p style=\"text-align: justify;\"><strong>Proyectos Vidal<\/strong> cuenta con una dilatada experiencia en el sector de la construcci\u00f3n y las reformas. Adem\u00e1s, con taller propio de madera, es especialista en proyectos de carpinter\u00eda innovadores.<\/p>\n<p>[\/et_pb_text][\/et_pb_column][\/et_pb_row][et_pb_row column_structure=\u00bb1_2,1_2&#8243; _builder_version=\u00bb4.19.4&#8243; _module_preset=\u00bbdefault\u00bb global_colors_info=\u00bb{}\u00bb][et_pb_column type=\u00bb1_2&#8243; _builder_version=\u00bb4.19.4&#8243; _module_preset=\u00bbdefault\u00bb global_colors_info=\u00bb{}\u00bb][et_pb_text _builder_version=\u00bb4.19.4&#8243; _module_preset=\u00bbdefault\u00bb text_font=\u00bbUbuntu|300|||||||\u00bb text_text_color=\u00bb#000000&#8243; text_letter_spacing=\u00bb1px\u00bb text_line_height=\u00bb1.5em\u00bb custom_margin=\u00bb|||132px|false|false\u00bb hover_enabled=\u00bb0&#8243; locked=\u00bboff\u00bb global_colors_info=\u00bb{}\u00bb custom_margin_last_edited=\u00bbon|phone\u00bb custom_padding_last_edited=\u00bbon|phone\u00bb custom_margin_phone=\u00bb|||0px|false|false\u00bb sticky_enabled=\u00bb0&#8243; custom_margin_tablet=\u00bb|||132px|false|false\u00bb]<\/p>\n<p style=\"text-align: justify;\"><em>En Proyectos Vidal nos encargamos de la gesti\u00f3n completa de la obra, desde el proyecto inicial hasta su ejecuci\u00f3n, asumiendo la coordinaci\u00f3n de todos los aspectos necesarios para el desarrollo del trabajo y descargando al cliente de toda preocupaci\u00f3n m\u00e1s all\u00e1 de la transmisi\u00f3n de su voluntad en cuanto a la intervenci\u00f3n.<\/em><\/p>\n<p style=\"text-align: justify;\"><em>Mantenemos una comunicaci\u00f3n muy fluida y cercana con profesionales y proveedores del sector, lo que nos permite ofrecer a nuestros clientes una amplia gama de novedades del mundo de la construcci\u00f3n y del dise\u00f1o.<\/em><\/p>\n<p style=\"text-align: justify;\">[\/et_pb_text][\/et_pb_column][et_pb_column type=\u00bb1_2&#8243; _builder_version=\u00bb4.19.4&#8243; _module_preset=\u00bbdefault\u00bb global_colors_info=\u00bb{}\u00bb][et_pb_text _builder_version=\u00bb4.19.4&#8243; _module_preset=\u00bbdefault\u00bb text_font=\u00bbUbuntu|300|||||||\u00bb text_text_color=\u00bb#000000&#8243; text_letter_spacing=\u00bb1px\u00bb text_line_height=\u00bb1.5em\u00bb width=\u00bb71%\u00bb custom_margin=\u00bb||||false|false\u00bb hover_enabled=\u00bb0&#8243; locked=\u00bboff\u00bb global_colors_info=\u00bb{}\u00bb custom_margin_last_edited=\u00bbon|phone\u00bb custom_padding_last_edited=\u00bbon|phone\u00bb custom_margin_phone=\u00bb-25px||||false|false\u00bb sticky_enabled=\u00bb0&#8243; width_last_edited=\u00bbon|phone\u00bb width_phone=\u00bb100%\u00bb custom_margin_tablet=\u00bb||||false|false\u00bb width_tablet=\u00bb71%\u00bb]<\/p>\n<p style=\"text-align: justify;\"><em>En nuestro proceso de trabajo, el cuidado del detalle y la singularidad son cualidades que mantenemos siempre activas y que tratamos de aplicar en cada proyecto, sea cual sea su escala dimensional. Todo lo realizamos buscando la optimizaci\u00f3n y funcionalidad del espacio dentro de una concepci\u00f3n est\u00e9tica y de vanguardia.<\/em><\/p>\n<p style=\"text-align: justify;\"><em>Nuestra preocupaci\u00f3n por el detalle, la b\u00fasqueda de la excelencia y nuestra elevada implicaci\u00f3n en cada fase del proyecto es lo que nos hace \u00fanicos, y tiene como resultado acabados de la m\u00e1xima calidad, as\u00ed como la satisfacci\u00f3n del cliente.<\/em><\/p>\n<p>[\/et_pb_text][\/et_pb_column][\/et_pb_row][\/et_pb_section][et_pb_section fb_built=\u00bb1&#8243; _builder_version=\u00bb4.19.4&#8243; _module_preset=\u00bbdefault\u00bb background_color=\u00bb#f0efec\u00bb min_height=\u00bb843px\u00bb height=\u00bb459px\u00bb custom_padding=\u00bb0px||0px|||\u00bb hover_enabled=\u00bb0&#8243; global_colors_info=\u00bb{}\u00bb sticky_enabled=\u00bb0&#8243; min_height_last_edited=\u00bbon|phone\u00bb height_last_edited=\u00bbon|phone\u00bb max_height_last_edited=\u00bbon|phone\u00bb min_height_phone=\u00bb2800px\u00bb max_width_last_edited=\u00bbon|phone\u00bb width_last_edited=\u00bbon|phone\u00bb module_alignment_last_edited=\u00bbon|phone\u00bb max_height_phone=\u00bb2800px\u00bb height_phone=\u00bb2800px\u00bb min_height_tablet=\u00bb843px\u00bb height_tablet=\u00bb459px\u00bb][et_pb_row _builder_version=\u00bb4.19.4&#8243; _module_preset=\u00bbdefault\u00bb width=\u00bb100%\u00bb max_width=\u00bb2560px\u00bb custom_margin=\u00bb-19px||||false|false\u00bb hover_enabled=\u00bb0&#8243; global_colors_info=\u00bb{}\u00bb min_height_last_edited=\u00bbon|phone\u00bb height_last_edited=\u00bbon|phone\u00bb max_height_last_edited=\u00bbon|phone\u00bb sticky_enabled=\u00bb0&#8243; max_width_last_edited=\u00bbon|phone\u00bb width_last_edited=\u00bbon|phone\u00bb custom_margin_last_edited=\u00bbon|phone\u00bb custom_margin_phone=\u00bb0px||||false|false\u00bb background_color=\u00bb#f0efec\u00bb max_width_tablet=\u00bb2560px\u00bb max_width_phone=\u00bb2560px\u00bb width_tablet=\u00bb100%\u00bb width_phone=\u00bb100%\u00bb custom_margin_tablet=\u00bb-19px||||false|false\u00bb][et_pb_column type=\u00bb4_4&#8243; _builder_version=\u00bb4.19.4&#8243; _module_preset=\u00bbdefault\u00bb global_colors_info=\u00bb{}\u00bb][et_pb_text _builder_version=\u00bb4.19.4&#8243; _module_preset=\u00bbdefault\u00bb text_font=\u00bbPlayfair Display|800||on|||||\u00bb text_letter_spacing=\u00bb2px\u00bb global_colors_info=\u00bb{}\u00bb]<\/p>\n<p style=\"text-align: center;\"><strong>Nuestro Compromiso<\/strong><\/p>\n<p>[\/et_pb_text][et_pb_divider color=\u00bb#FFFFFF\u00bb divider_weight=\u00bb2px\u00bb _builder_version=\u00bb4.19.4&#8243; _module_preset=\u00bbdefault\u00bb custom_margin=\u00bb-30px||-36px||false|false\u00bb global_colors_info=\u00bb{}\u00bb][\/et_pb_divider][\/et_pb_column][\/et_pb_row][et_pb_row column_structure=\u00bb1_3,1_3,1_3&#8243; _builder_version=\u00bb4.19.4&#8243; _module_preset=\u00bbdefault\u00bb width=\u00bb42%\u00bb custom_margin=\u00bb||||false|false\u00bb hover_enabled=\u00bb0&#8243; global_colors_info=\u00bb{}\u00bb min_height_last_edited=\u00bbon|phone\u00bb height_last_edited=\u00bbon|phone\u00bb max_height_last_edited=\u00bbon|phone\u00bb sticky_enabled=\u00bb0&#8243; max_width_last_edited=\u00bbon|phone\u00bb width_last_edited=\u00bbon|phone\u00bb background_color=\u00bb#f0efec\u00bb width_tablet=\u00bb42%\u00bb width_phone=\u00bb42%\u00bb][et_pb_column type=\u00bb1_3&#8243; _builder_version=\u00bb4.19.4&#8243; _module_preset=\u00bbdefault\u00bb global_colors_info=\u00bb{}\u00bb][et_pb_icon font_icon=\u00bb&#xf2b5;||fa||900&#8243; icon_color=\u00bb#FFFFFF\u00bb icon_width=\u00bb30px\u00bb _builder_version=\u00bb4.19.4&#8243; _module_preset=\u00bbdefault\u00bb global_colors_info=\u00bb{}\u00bb][\/et_pb_icon][et_pb_text _builder_version=\u00bb4.19.4&#8243; _module_preset=\u00bbdefault\u00bb text_font=\u00bbUbuntu|700|||||||\u00bb text_letter_spacing=\u00bb1px\u00bb global_colors_info=\u00bb{}\u00bb]<\/p>\n<p style=\"text-align: center;\">COMPROMISO<\/p>\n<p>[\/et_pb_text][et_pb_text _builder_version=\u00bb4.19.4&#8243; _module_preset=\u00bbdefault\u00bb text_font=\u00bbUbuntu|300||on|||||\u00bb text_font_size=\u00bb13px\u00bb text_letter_spacing=\u00bb1px\u00bb width=\u00bb95%\u00bb module_alignment=\u00bbcenter\u00bb hover_enabled=\u00bb0&#8243; global_colors_info=\u00bb{}\u00bb text_orientation_last_edited=\u00bbon|phone\u00bb content_last_edited=\u00bbon|phone\u00bb content_phone=\u00bb<\/p>\n<p style=%22text-align: center;%22><span>La energ\u00eda que nos impulsa es el compromiso: con nuestros trabajadores, con los clientes y con la calidad de nuestros trabajos.<\/span><\/p>\n<p>\u00bb sticky_enabled=\u00bb0&#8243; content_tablet=\u00bb<\/p>\n<p style=%22text-align: justify;%22><span>La energ\u00eda que nos impulsa es el compromiso: con nuestros trabajadores, con los clientes y con la calidad de nuestros trabajos.<\/span><\/p>\n<p>\u00ab]<\/p>\n<p style=\"text-align: justify;\"><span>La energ\u00eda que nos impulsa es el compromiso: con nuestros trabajadores, con los clientes y con la calidad de nuestros trabajos.<\/span><\/p>\n<p>[\/et_pb_text][\/et_pb_column][et_pb_column type=\u00bb1_3&#8243; _builder_version=\u00bb4.19.4&#8243; _module_preset=\u00bbdefault\u00bb global_colors_info=\u00bb{}\u00bb][et_pb_icon font_icon=\u00bb&#xf5dc;||fa||900&#8243; icon_color=\u00bb#FFFFFF\u00bb icon_width=\u00bb30px\u00bb _builder_version=\u00bb4.19.4&#8243; _module_preset=\u00bbdefault\u00bb global_colors_info=\u00bb{}\u00bb][\/et_pb_icon][et_pb_text _builder_version=\u00bb4.19.4&#8243; _module_preset=\u00bbdefault\u00bb text_font=\u00bbUbuntu|700|||||||\u00bb text_letter_spacing=\u00bb1px\u00bb locked=\u00bboff\u00bb global_colors_info=\u00bb{}\u00bb]<\/p>\n<p style=\"text-align: center;\">CONOCIMIENTO<\/p>\n<p>[\/et_pb_text][et_pb_text _builder_version=\u00bb4.19.4&#8243; _module_preset=\u00bbdefault\u00bb text_font=\u00bbUbuntu|300||on|||||\u00bb text_font_size=\u00bb13px\u00bb text_letter_spacing=\u00bb1px\u00bb module_alignment=\u00bbcenter\u00bb hover_enabled=\u00bb0&#8243; locked=\u00bboff\u00bb global_colors_info=\u00bb{}\u00bb content_last_edited=\u00bbon|phone\u00bb content_phone=\u00bb<\/p>\n<p style=%22text-align: center;%22><span>El desarrollo profesional de nuestro equipo exige poner el conocimiento y la experiencia al servicio de los dem\u00e1s, con el fin de poder resolver los problemas que van surgiendo.<\/span><\/p>\n<p>\u00bb sticky_enabled=\u00bb0&#8243; content_tablet=\u00bb<\/p>\n<p style=%22text-align: justify;%22><span>El desarrollo profesional de nuestro equipo exige poner el conocimiento y la experiencia al servicio de los dem\u00e1s, con el fin de poder resolver los problemas que van surgiendo.<\/span><\/p>\n<p>\u00ab]<\/p>\n<p style=\"text-align: justify;\"><span>El desarrollo profesional de nuestro equipo exige poner el conocimiento y la experiencia al servicio de los dem\u00e1s, con el fin de poder resolver los problemas que van surgiendo.<\/span><\/p>\n<p>[\/et_pb_text][\/et_pb_column][et_pb_column type=\u00bb1_3&#8243; _builder_version=\u00bb4.19.4&#8243; _module_preset=\u00bbdefault\u00bb global_colors_info=\u00bb{}\u00bb][et_pb_icon font_icon=\u00bb&#xe08b;||divi||400&#8243; icon_color=\u00bb#FFFFFF\u00bb icon_width=\u00bb30px\u00bb _builder_version=\u00bb4.19.4&#8243; _module_preset=\u00bbdefault\u00bb global_colors_info=\u00bb{}\u00bb][\/et_pb_icon][et_pb_text _builder_version=\u00bb4.19.4&#8243; _module_preset=\u00bbdefault\u00bb text_font=\u00bbUbuntu|700|||||||\u00bb text_letter_spacing=\u00bb1px\u00bb locked=\u00bboff\u00bb global_colors_info=\u00bb{}\u00bb]<\/p>\n<p style=\"text-align: center;\">CLIENTES<\/p>\n<p>[\/et_pb_text][et_pb_text _builder_version=\u00bb4.19.4&#8243; _module_preset=\u00bbdefault\u00bb text_font=\u00bbUbuntu|300||on|||||\u00bb text_font_size=\u00bb13px\u00bb text_letter_spacing=\u00bb1px\u00bb width=\u00bb93%\u00bb module_alignment=\u00bbcenter\u00bb hover_enabled=\u00bb0&#8243; locked=\u00bboff\u00bb global_colors_info=\u00bb{}\u00bb content_last_edited=\u00bbon|phone\u00bb content_phone=\u00bb<\/p>\n<p style=%22text-align: center;%22><span>Los Clientes son nuestra raz\u00f3n de ser. Estamos cerca de ellos, les escuchamos, y procuramos entender a fondo sus necesidades para aportarles valor.<\/span><\/p>\n<p>\u00bb sticky_enabled=\u00bb0&#8243; content_tablet=\u00bb<\/p>\n<p style=%22text-align: justify;%22><span>Los Clientes son nuestra raz\u00f3n de ser. Estamos cerca de ellos, les escuchamos, y procuramos entender a fondo sus necesidades para aportarles valor.<\/span><\/p>\n<p>\u00ab]<\/p>\n<p style=\"text-align: justify;\"><span>Los Clientes son nuestra raz\u00f3n de ser. Estamos cerca de ellos, les escuchamos, y procuramos entender a fondo sus necesidades para aportarles valor.<\/span><\/p>\n<p>[\/et_pb_text][\/et_pb_column][\/et_pb_row][et_pb_row column_structure=\u00bb1_3,1_3,1_3&#8243; _builder_version=\u00bb4.19.4&#8243; _module_preset=\u00bbdefault\u00bb width=\u00bb42%\u00bb custom_margin=\u00bb||||false|false\u00bb hover_enabled=\u00bb0&#8243; locked=\u00bboff\u00bb global_colors_info=\u00bb{}\u00bb custom_margin_last_edited=\u00bbon|phone\u00bb custom_margin_phone=\u00bb-17px||-13px||false|false\u00bb sticky_enabled=\u00bb0&#8243; width_last_edited=\u00bbon|phone\u00bb max_width_last_edited=\u00bbon|phone\u00bb min_height_last_edited=\u00bbon|phone\u00bb height_last_edited=\u00bbon|phone\u00bb max_height_last_edited=\u00bbon|phone\u00bb background_color=\u00bb#f0efec\u00bb custom_margin_tablet=\u00bb||||false|false\u00bb width_tablet=\u00bb42%\u00bb width_phone=\u00bb42%\u00bb][et_pb_column type=\u00bb1_3&#8243; _builder_version=\u00bb4.19.4&#8243; _module_preset=\u00bbdefault\u00bb global_colors_info=\u00bb{}\u00bb][et_pb_icon font_icon=\u00bb&#xe038;||divi||400&#8243; icon_color=\u00bb#FFFFFF\u00bb icon_width=\u00bb30px\u00bb _builder_version=\u00bb4.19.4&#8243; _module_preset=\u00bbdefault\u00bb global_colors_info=\u00bb{}\u00bb][\/et_pb_icon][et_pb_text _builder_version=\u00bb4.19.4&#8243; _module_preset=\u00bbdefault\u00bb text_font=\u00bbUbuntu|700|||||||\u00bb text_letter_spacing=\u00bb1px\u00bb global_colors_info=\u00bb{}\u00bb]<\/p>\n<p style=\"text-align: center;\">PROFESIONALIDAD<\/p>\n<p>[\/et_pb_text][et_pb_text _builder_version=\u00bb4.19.4&#8243; _module_preset=\u00bbdefault\u00bb text_font=\u00bbUbuntu|300||on|||||\u00bb text_font_size=\u00bb13px\u00bb text_letter_spacing=\u00bb1px\u00bb max_width=\u00bb87%\u00bb module_alignment=\u00bbcenter\u00bb hover_enabled=\u00bb0&#8243; global_colors_info=\u00bb{}\u00bb content_last_edited=\u00bbon|phone\u00bb content_phone=\u00bb<\/p>\n<p style=%22text-align: center;%22><span>Reivindicamos nuestra condici\u00f3n art\u00edstica, pero al mismo tiempo somos t\u00e9cnicos que trabajamos con suma precisi\u00f3n y exactitud, cumpliendo los presupuestos y los plazos de entrega acordados. Esto es posible gracias al equipo multidisciplinar con el que contamos.<\/span><\/p>\n<p>\u00bb sticky_enabled=\u00bb0&#8243; content_tablet=\u00bb<\/p>\n<p style=%22text-align: justify;%22><span>Reivindicamos nuestra condici\u00f3n art\u00edstica, pero al mismo tiempo somos t\u00e9cnicos que trabajamos con suma precisi\u00f3n y exactitud, cumpliendo los presupuestos y los plazos de entrega acordados. Esto es posible gracias al equipo multidisciplinar con el que contamos.<\/span><\/p>\n<p>\u00ab]<\/p>\n<p style=\"text-align: justify;\"><span>Reivindicamos nuestra condici\u00f3n art\u00edstica, pero al mismo tiempo somos t\u00e9cnicos que trabajamos con suma precisi\u00f3n y exactitud, cumpliendo los presupuestos y los plazos de entrega acordados. Esto es posible gracias al equipo multidisciplinar con el que contamos.<\/span><\/p>\n<p>[\/et_pb_text][\/et_pb_column][et_pb_column type=\u00bb1_3&#8243; _builder_version=\u00bb4.19.4&#8243; _module_preset=\u00bbdefault\u00bb global_colors_info=\u00bb{}\u00bb][et_pb_icon font_icon=\u00bb&#xe02d;||divi||400&#8243; icon_color=\u00bb#FFFFFF\u00bb icon_width=\u00bb30px\u00bb _builder_version=\u00bb4.19.4&#8243; _module_preset=\u00bbdefault\u00bb global_colors_info=\u00bb{}\u00bb][\/et_pb_icon][et_pb_text _builder_version=\u00bb4.19.4&#8243; _module_preset=\u00bbdefault\u00bb text_font=\u00bbUbuntu|700|||||||\u00bb text_letter_spacing=\u00bb1px\u00bb locked=\u00bboff\u00bb global_colors_info=\u00bb{}\u00bb]<\/p>\n<p style=\"text-align: center;\">INNOVACI\u00d3N<\/p>\n<p>[\/et_pb_text][et_pb_text _builder_version=\u00bb4.19.4&#8243; _module_preset=\u00bbdefault\u00bb text_font=\u00bbUbuntu|300||on|||||\u00bb text_font_size=\u00bb13px\u00bb text_letter_spacing=\u00bb1px\u00bb hover_enabled=\u00bb0&#8243; locked=\u00bboff\u00bb global_colors_info=\u00bb{}\u00bb content_last_edited=\u00bbon|phone\u00bb content_phone=\u00bb<\/p>\n<p style=%22text-align: center;%22><span>Somos conscientes de que para despuntar en el sector hay que estar al d\u00eda de los nuevos productos, sistemas y servicios. La generaci\u00f3n de nuevas ideas y la innovaci\u00f3n est\u00e1 presente en todas nuestras actuaciones.<\/span><\/p>\n<p>\u00bb sticky_enabled=\u00bb0&#8243; content_tablet=\u00bb<\/p>\n<p style=%22text-align: justify;%22><span>Somos conscientes de que para despuntar en el sector hay que estar al d\u00eda de los nuevos productos, sistemas y servicios. La generaci\u00f3n de nuevas ideas y la innovaci\u00f3n est\u00e1 presente en todas nuestras actuaciones.<\/span><\/p>\n<p>\u00ab]<\/p>\n<p style=\"text-align: justify;\"><span>Somos conscientes de que para despuntar en el sector hay que estar al d\u00eda de los nuevos productos, sistemas y servicios. La generaci\u00f3n de nuevas ideas y la innovaci\u00f3n est\u00e1 presente en todas nuestras actuaciones.<\/span><\/p>\n<p>[\/et_pb_text][\/et_pb_column][et_pb_column type=\u00bb1_3&#8243; _builder_version=\u00bb4.19.4&#8243; _module_preset=\u00bbdefault\u00bb global_colors_info=\u00bb{}\u00bb][et_pb_icon font_icon=\u00bb&#xe077;||divi||400&#8243; icon_color=\u00bb#FFFFFF\u00bb icon_width=\u00bb30px\u00bb _builder_version=\u00bb4.19.4&#8243; _module_preset=\u00bbdefault\u00bb global_colors_info=\u00bb{}\u00bb][\/et_pb_icon][et_pb_text _builder_version=\u00bb4.19.4&#8243; _module_preset=\u00bbdefault\u00bb text_font=\u00bbUbuntu|700|||||||\u00bb text_letter_spacing=\u00bb1px\u00bb locked=\u00bboff\u00bb global_colors_info=\u00bb{}\u00bb]<\/p>\n<p style=\"text-align: center;\">SEGURIDAD LABORAL<\/p>\n<p>[\/et_pb_text][et_pb_text _builder_version=\u00bb4.19.4&#8243; _module_preset=\u00bbdefault\u00bb text_font=\u00bbUbuntu|300||on|||||\u00bb text_font_size=\u00bb13px\u00bb text_letter_spacing=\u00bb1px\u00bb max_width=\u00bb99%\u00bb module_alignment=\u00bbcenter\u00bb hover_enabled=\u00bb0&#8243; locked=\u00bboff\u00bb global_colors_info=\u00bb{}\u00bb sticky_enabled=\u00bb0&#8243; content_last_edited=\u00bbon|phone\u00bb content_phone=\u00bb<\/p>\n<p style=%22text-align: center;%22>El bienestar y la seguridad laboral son imprescindibles para el buen funcionamiento de nuestro equipo.\u00a0Nos comprometemos a garantizar la seguridad de nuestros trabajadores en la obra, aportando las medidas y equipos de protecci\u00f3n necesarios, as\u00ed como la formaci\u00f3n adecuada.<\/p>\n<p>\u00bb content_tablet=\u00bb<\/p>\n<p style=%22text-align: justify;%22>El bienestar y la seguridad laboral son imprescindibles para el buen funcionamiento de nuestro equipo.\u00a0Nos comprometemos a garantizar la seguridad de nuestros trabajadores en la obra, aportando las medidas y equipos de protecci\u00f3n necesarios, as\u00ed como la formaci\u00f3n adecuada.<\/p>\n<p>\u00ab]<\/p>\n<p style=\"text-align: justify;\">El bienestar y la seguridad laboral son imprescindibles para el buen funcionamiento de nuestro equipo.\u00a0Nos comprometemos a garantizar la seguridad de nuestros trabajadores en la obra, aportando las medidas y equipos de protecci\u00f3n necesarios, as\u00ed como la formaci\u00f3n adecuada.<\/p>\n<p>[\/et_pb_text][\/et_pb_column][\/et_pb_row][\/et_pb_section]<\/p>\n","protected":false},"excerpt":{"rendered":"<p>QUI\u00c9NES SOMOSProyectos Vidal cuenta con una dilatada experiencia en el sector de la construcci\u00f3n y las reformas. Adem\u00e1s, con taller propio de madera, es especialista en proyectos de carpinter\u00eda innovadores.En Proyectos Vidal nos encargamos de la gesti\u00f3n completa de la obra, desde el proyecto inicial hasta su ejecuci\u00f3n, asumiendo la coordinaci\u00f3n de todos los aspectos [&hellip;]<\/p>\n","protected":false},"author":1,"featured_media":0,"parent":0,"menu_order":0,"comment_status":"closed","ping_status":"closed","template":"","meta":{"_et_pb_use_builder":"on","_et_pb_old_content":"<!-- wp:divi\/placeholder \/-->","_et_gb_content_width":"","footnotes":""},"class_list":["post-103","page","type-page","status-publish","hentry"],"_links":{"self":[{"href":"http:\/\/www.proyectosvidal.com\/index.php\/wp-json\/wp\/v2\/pages\/103","targetHints":{"allow":["GET"]}}],"collection":[{"href":"http:\/\/www.proyectosvidal.com\/index.php\/wp-json\/wp\/v2\/pages"}],"about":[{"href":"http:\/\/www.proyectosvidal.com\/index.php\/wp-json\/wp\/v2\/types\/page"}],"author":[{"embeddable":true,"href":"http:\/\/www.proyectosvidal.com\/index.php\/wp-json\/wp\/v2\/users\/1"}],"replies":[{"embeddable":true,"href":"http:\/\/www.proyectosvidal.com\/index.php\/wp-json\/wp\/v2\/comments?post=103"}],"version-history":[{"count":19,"href":"http:\/\/www.proyectosvidal.com\/index.php\/wp-json\/wp\/v2\/pages\/103\/revisions"}],"predecessor-version":[{"id":598,"href":"http:\/\/www.proyectosvidal.com\/index.php\/wp-json\/wp\/v2\/pages\/103\/revisions\/598"}],"wp:attachment":[{"href":"http:\/\/www.proyectosvidal.com\/index.php\/wp-json\/wp\/v2\/media?parent=103"}],"curies":[{"name":"wp","href":"https:\/\/api.w.org\/{rel}","templated":true}]}}